{"id":26,"date":"2021-10-22T17:58:04","date_gmt":"2021-10-22T17:58:04","guid":{"rendered":"http:\/\/manoir-sur-le-cap.com\/?page_id=26"},"modified":"2021-11-17T18:28:20","modified_gmt":"2021-11-17T18:28:20","slug":"activites-et-attraits","status":"publish","type":"page","link":"https:\/\/manoir-sur-le-cap.com\/en\/activites-et-attraits\/","title":{"rendered":"Activities and attractions"},"content":{"rendered":"<div data-elementor-type=\"wp-page\" data-elementor-id=\"26\" class=\"elementor elementor-26\" data-elementor-post-type=\"page\">\n\t\t\t\t\t\t<section class=\"elementor-section elementor-top-section elementor-element elementor-element-46e87e52 elementor-section-height-min-height elementor-section-boxed elementor-section-height-default elementor-section-items-middle\" data-id=\"46e87e52\" data-element_type=\"section\" data-e-type=\"section\" data-settings=\"{&quot;background_background&quot;:&quot;classic&quot;}\">\n\t\t\t\t\t\t\t<div class=\"elementor-background-overlay\"><\/div>\n\t\t\t\t\t\t\t<div class=\"elementor-container elementor-column-gap-default\">\n\t\t\t\t\t<div class=\"elementor-column elementor-col-100 elementor-top-column elementor-element elementor-element-3e7ec9fd\" data-id=\"3e7ec9fd\" data-element_type=\"column\" data-e-type=\"column\">\n\t\t\t<div class=\"elementor-widget-wrap elementor-element-populated\">\n\t\t\t\t\t\t<div class=\"elementor-element elementor-element-1edc3e8d elementor-widget elementor-widget-heading\" data-id=\"1edc3e8d\" data-element_type=\"widget\" data-e-type=\"widget\" data-widget_type=\"heading.default\">\n\t\t\t\t<div class=\"elementor-widget-container\">\n\t\t\t\t\t<h4 class=\"elementor-heading-title elementor-size-default\">Activities and attractions<\/h4>\t\t\t\t<\/div>\n\t\t\t\t<\/div>\n\t\t\t\t\t<\/div>\n\t\t<\/div>\n\t\t\t\t\t<\/div>\n\t\t<\/section>\n\t\t\t\t<section class=\"elementor-section elementor-top-section elementor-element elementor-element-690de035 elementor-section-content-middle elementor-section-boxed elementor-section-height-default elementor-section-height-default\" data-id=\"690de035\" data-element_type=\"section\" data-e-type=\"section\" id=\"about\">\n\t\t\t\t\t\t<div class=\"elementor-container elementor-column-gap-no\">\n\t\t\t\t\t<div class=\"elementor-column elementor-col-100 elementor-top-column elementor-element elementor-element-31cc6616\" data-id=\"31cc6616\" data-element_type=\"column\" data-e-type=\"column\" data-settings=\"{&quot;background_background&quot;:&quot;classic&quot;}\">\n\t\t\t<div class=\"elementor-widget-wrap elementor-element-populated\">\n\t\t\t\t\t\t<div class=\"elementor-element elementor-element-29e6d27d elementor-widget elementor-widget-heading\" data-id=\"29e6d27d\" data-element_type=\"widget\" data-e-type=\"widget\" data-widget_type=\"heading.default\">\n\t\t\t\t<div class=\"elementor-widget-container\">\n\t\t\t\t\t<h4 class=\"elementor-heading-title elementor-size-default\">Upcoming events in old Quebec<\/h4>\t\t\t\t<\/div>\n\t\t\t\t<\/div>\n\t\t\t\t<div class=\"elementor-element elementor-element-4b33b3b1 elementor-widget elementor-widget-text-editor\" data-id=\"4b33b3b1\" data-element_type=\"widget\" data-e-type=\"widget\" data-widget_type=\"text-editor.default\">\n\t\t\t\t<div class=\"elementor-widget-container\">\n\t\t\t\t\t\t\t\t\t<p><span style=\"font-weight: 400;\">A city of excitement and festivities par excellence, Qu\u00e9bec invites you to experience unforgettable moments thanks to its many festivals and events. Here are some upcoming events in old Quebec.<\/span><\/p>\t\t\t\t\t\t\t\t<\/div>\n\t\t\t\t<\/div>\n\t\t\t\t<div class=\"elementor-element elementor-element-4dec7d42 elementor-align-center elementor-widget elementor-widget-button\" data-id=\"4dec7d42\" data-element_type=\"widget\" data-e-type=\"widget\" data-widget_type=\"button.default\">\n\t\t\t\t<div class=\"elementor-widget-container\">\n\t\t\t\t\t\t\t\t\t<div class=\"elementor-button-wrapper\">\n\t\t\t\t\t<a class=\"elementor-button elementor-button-link elementor-size-sm\" href=\"https:\/\/www.quebecregion.com\/fr\/quoi-faire\/evenements\/\" target=\"_blank\">\n\t\t\t\t\t\t<span class=\"elementor-button-content-wrapper\">\n\t\t\t\t\t\t\t\t\t<span class=\"elementor-button-text\">See upcoming events<\/span>\n\t\t\t\t\t<\/span>\n\t\t\t\t\t<\/a>\n\t\t\t\t<\/div>\n\t\t\t\t\t\t\t\t<\/div>\n\t\t\t\t<\/div>\n\t\t\t\t\t<\/div>\n\t\t<\/div>\n\t\t\t\t\t<\/div>\n\t\t<\/section>\n\t\t\t\t<section class=\"elementor-section elementor-top-section elementor-element elementor-element-896d6ac elementor-section-boxed elementor-section-height-default elementor-section-height-default\" data-id=\"896d6ac\" data-element_type=\"section\" data-e-type=\"section\">\n\t\t\t\t\t\t<div class=\"elementor-container elementor-column-gap-default\">\n\t\t\t\t\t<div class=\"elementor-column elementor-col-100 elementor-top-column elementor-element elementor-element-3c984b9\" data-id=\"3c984b9\" data-element_type=\"column\" data-e-type=\"column\">\n\t\t\t<div class=\"elementor-widget-wrap elementor-element-populated\">\n\t\t\t\t\t\t<div class=\"elementor-element elementor-element-505da078 elementor-widget elementor-widget-heading\" data-id=\"505da078\" data-element_type=\"widget\" data-e-type=\"widget\" data-widget_type=\"heading.default\">\n\t\t\t\t<div class=\"elementor-widget-container\">\n\t\t\t\t\t<h4 class=\"elementor-heading-title elementor-size-default\">Quebec and its surroundings<\/h4>\t\t\t\t<\/div>\n\t\t\t\t<\/div>\n\t\t\t\t<div class=\"elementor-element elementor-element-70c5c08 elementor-widget elementor-widget-text-editor\" data-id=\"70c5c08\" data-element_type=\"widget\" data-e-type=\"widget\" data-widget_type=\"text-editor.default\">\n\t\t\t\t<div class=\"elementor-widget-container\">\n\t\t\t\t\t\t\t\t\t<p><span style=\"font-weight: 400;\">Founded by French explorer Champlain at the start of the 17th century, Quebec remains the only city in North America to have preserved its ramparts, which include numerous bastions, gates and defensive works still encircling Old Quebec. Old Quebec is an open-air museum that is best discovered on foot in the company of a local guide, it will charm you with its rich heritage which is reflected in its gastronomy, its architecture, its culture and its events. . Old Quebec is the destination par excellence for a romantic getaway, a family vacation.<\/span><\/p>\t\t\t\t\t\t\t\t<\/div>\n\t\t\t\t<\/div>\n\t\t\t\t<div class=\"elementor-element elementor-element-a673562 elementor-widget elementor-widget-html\" data-id=\"a673562\" data-element_type=\"widget\" data-e-type=\"widget\" data-widget_type=\"html.default\">\n\t\t\t\t<div class=\"elementor-widget-container\">\n\t\t\t\t\t<iframe src=\"https:\/\/www.google.com\/maps\/d\/embed?mid=1eEju5uu5XPBfpMxssO7AfyXmrlSs2jZx\" width=\"640\" height=\"500\"><\/iframe>\t\t\t\t<\/div>\n\t\t\t\t<\/div>\n\t\t\t\t\t<\/div>\n\t\t<\/div>\n\t\t\t\t\t<\/div>\n\t\t<\/section>\n\t\t\t\t<section class=\"elementor-section elementor-top-section elementor-element elementor-element-0454983 elementor-section-boxed elementor-section-height-default elementor-section-height-default\" data-id=\"0454983\" data-element_type=\"section\" data-e-type=\"section\">\n\t\t\t\t\t\t<div class=\"elementor-container elementor-column-gap-default\">\n\t\t\t\t\t<div class=\"elementor-column elementor-col-100 elementor-top-column elementor-element elementor-element-e38082a\" data-id=\"e38082a\" data-element_type=\"column\" data-e-type=\"column\">\n\t\t\t<div class=\"elementor-widget-wrap elementor-element-populated\">\n\t\t\t\t\t\t<div class=\"elementor-element elementor-element-516bbb6 elementor-widget elementor-widget-heading\" data-id=\"516bbb6\" data-element_type=\"widget\" data-e-type=\"widget\" data-widget_type=\"heading.default\">\n\t\t\t\t<div class=\"elementor-widget-container\">\n\t\t\t\t\t<h4 class=\"elementor-heading-title elementor-size-default\">Aux alentours<\/h4>\t\t\t\t<\/div>\n\t\t\t\t<\/div>\n\t\t\t\t\t<\/div>\n\t\t<\/div>\n\t\t\t\t\t<\/div>\n\t\t<\/section>\n\t\t\t\t<section class=\"elementor-section elementor-top-section elementor-element elementor-element-11f9a4e elementor-section-boxed elementor-section-height-default elementor-section-height-default\" data-id=\"11f9a4e\" data-element_type=\"section\" data-e-type=\"section\">\n\t\t\t\t\t\t<div class=\"elementor-container elementor-column-gap-default\">\n\t\t\t\t\t<div class=\"elementor-column elementor-col-100 elementor-top-column elementor-element elementor-element-4b5086d\" data-id=\"4b5086d\" data-element_type=\"column\" data-e-type=\"column\">\n\t\t\t<div class=\"elementor-widget-wrap elementor-element-populated\">\n\t\t\t\t\t\t<div class=\"elementor-element elementor-element-21f7b96 elementor-widget elementor-widget-text-editor\" data-id=\"21f7b96\" data-element_type=\"widget\" data-e-type=\"widget\" data-widget_type=\"text-editor.default\">\n\t\t\t\t<div class=\"elementor-widget-container\">\n\t\t\t\t\t\t\t\t\t<p><span style=\"font-weight: 400;\"><strong>Le Ch\u00e2teau Frontenac<\/strong> &#8211; 0,2 km\u00a0<\/span><\/p><p><span style=\"font-weight: 400;\"><strong>Mus\u00e9e d&rsquo;Art Inuit Brousseau<\/strong> &#8211; 0,2 km\u00a0<\/span><\/p><p><span style=\"font-weight: 400;\"><strong>Mus\u00e9e des Ursulines de Quebec<\/strong> &#8211; 0,2 km\u00a0<\/span><\/p><p><span style=\"font-weight: 400;\"><strong>Dufferin Terrace<\/strong> &#8211; 0,2 km\u00a0<\/span><span style=\"font-weight: 400;\">\u00a0<\/span><\/p><p><span style=\"font-weight: 400;\"><strong>Portes St. Louis<\/strong>\u00a0&#8211; 0,3 km\u00a0<\/span><\/p><p><span style=\"font-weight: 400;\"><strong>Cath\u00e9drale de la Sainte-Trinit\u00e9<\/strong> &#8211; 0,3 km\u00a0<\/span><\/p><p><span style=\"font-weight: 400;\"><strong>Mus\u00e9e du Fort<\/strong> &#8211; 0,4 km\u00a0<\/span><\/p><p><span style=\"font-weight: 400;\"><strong>Monument de Samuel de Champlain<\/strong> &#8211; 0,4 km\u00a0<\/span><\/p><p><span style=\"font-weight: 400;\"><strong>Parc de l&rsquo;Unesco<\/strong> &#8211; 0,4 km\u00a0<\/span><\/p><p><span style=\"font-weight: 400;\"><strong>Mus\u00e9e de Cire<\/strong> &#8211; 0,4 km\u00a0<\/span><\/p><p><span style=\"font-weight: 400;\"><strong>\u00c9difice Price<\/strong> &#8211; 0,4 km\u00a0<\/span><\/p><p><span style=\"font-weight: 400;\"><strong>YQB-A\u00e9roport international Jean Lesage<\/strong> &#8211; 15,9 km<\/span><\/p>\t\t\t\t\t\t\t\t<\/div>\n\t\t\t\t<\/div>\n\t\t\t\t<div class=\"elementor-element elementor-element-ea14a76 elementor-widget elementor-widget-heading\" data-id=\"ea14a76\" data-element_type=\"widget\" data-e-type=\"widget\" data-widget_type=\"heading.default\">\n\t\t\t\t<div class=\"elementor-widget-container\">\n\t\t\t\t\t<h4 class=\"elementor-heading-title elementor-size-default\">To watch<\/h4>\t\t\t\t<\/div>\n\t\t\t\t<\/div>\n\t\t\t\t\t<\/div>\n\t\t<\/div>\n\t\t\t\t\t<\/div>\n\t\t<\/section>\n\t\t\t\t<section class=\"elementor-section elementor-top-section elementor-element elementor-element-47fb11c elementor-section-boxed elementor-section-height-default elementor-section-height-default\" data-id=\"47fb11c\" data-element_type=\"section\" data-e-type=\"section\">\n\t\t\t\t\t\t<div class=\"elementor-container elementor-column-gap-default\">\n\t\t\t\t\t<div class=\"elementor-column elementor-col-50 elementor-top-column elementor-element elementor-element-678bdaa\" data-id=\"678bdaa\" data-element_type=\"column\" data-e-type=\"column\">\n\t\t\t<div class=\"elementor-widget-wrap elementor-element-populated\">\n\t\t\t\t\t\t<div class=\"elementor-element elementor-element-81703c3 elementor-widget elementor-widget-video\" data-id=\"81703c3\" data-element_type=\"widget\" data-e-type=\"widget\" data-settings=\"{&quot;youtube_url&quot;:&quot;https:\\\/\\\/www.youtube.com\\\/watch?v=Gh7haa_lGRY&quot;,&quot;video_type&quot;:&quot;youtube&quot;,&quot;controls&quot;:&quot;yes&quot;}\" data-widget_type=\"video.default\">\n\t\t\t\t<div class=\"elementor-widget-container\">\n\t\t\t\t\t\t\t<div class=\"elementor-wrapper elementor-open-inline\">\n\t\t\t<div class=\"elementor-video\"><\/div>\t\t<\/div>\n\t\t\t\t\t\t<\/div>\n\t\t\t\t<\/div>\n\t\t\t\t\t<\/div>\n\t\t<\/div>\n\t\t\t\t<div class=\"elementor-column elementor-col-50 elementor-top-column elementor-element elementor-element-44c216c\" data-id=\"44c216c\" data-element_type=\"column\" data-e-type=\"column\">\n\t\t\t<div class=\"elementor-widget-wrap elementor-element-populated\">\n\t\t\t\t\t\t<div class=\"elementor-element elementor-element-d5ff241 elementor-widget elementor-widget-video\" data-id=\"d5ff241\" data-element_type=\"widget\" data-e-type=\"widget\" data-settings=\"{&quot;youtube_url&quot;:&quot;https:\\\/\\\/www.youtube.com\\\/watch?v=HPp9WB4IstQ&quot;,&quot;video_type&quot;:&quot;youtube&quot;,&quot;controls&quot;:&quot;yes&quot;}\" data-widget_type=\"video.default\">\n\t\t\t\t<div class=\"elementor-widget-container\">\n\t\t\t\t\t\t\t<div class=\"elementor-wrapper elementor-open-inline\">\n\t\t\t<div class=\"elementor-video\"><\/div>\t\t<\/div>\n\t\t\t\t\t\t<\/div>\n\t\t\t\t<\/div>\n\t\t\t\t\t<\/div>\n\t\t<\/div>\n\t\t\t\t\t<\/div>\n\t\t<\/section>\n\t\t\t\t<\/div>","protected":false},"excerpt":{"rendered":"<p>Activit\u00e9s et attraits \u00c9v\u00e9nements \u00e0 venir dans le vieux-qu\u00e9bec Ville d&rsquo;effervescence et de festivit\u00e9s par excellence, Qu\u00e9bec vous invite \u00e0 vivre des moments inoubliables gr\u00e2ce \u00e0 ses nombreux festivals et \u00e9v\u00e9nements. Voici des \u00e9v\u00e9nements \u00e0 venir dans le vieux-Qu\u00e9bec. \u00c9v\u00e8nements \u00e0 venir Qu\u00e9bec et ses alentours Fond\u00e9e par l&rsquo;explorateur fran\u00e7ais Champlain au d\u00e9but du XVIIe [&hellip;]<\/p>\n","protected":false},"author":1,"featured_media":0,"parent":0,"menu_order":0,"comment_status":"closed","ping_status":"closed","template":"elementor_header_footer","meta":{"footnotes":""},"class_list":["post-26","page","type-page","status-publish","hentry"],"_links":{"self":[{"href":"https:\/\/manoir-sur-le-cap.com\/en\/wp-json\/wp\/v2\/pages\/26","targetHints":{"allow":["GET"]}}],"collection":[{"href":"https:\/\/manoir-sur-le-cap.com\/en\/wp-json\/wp\/v2\/pages"}],"about":[{"href":"https:\/\/manoir-sur-le-cap.com\/en\/wp-json\/wp\/v2\/types\/page"}],"author":[{"embeddable":true,"href":"https:\/\/manoir-sur-le-cap.com\/en\/wp-json\/wp\/v2\/users\/1"}],"replies":[{"embeddable":true,"href":"https:\/\/manoir-sur-le-cap.com\/en\/wp-json\/wp\/v2\/comments?post=26"}],"version-history":[{"count":46,"href":"https:\/\/manoir-sur-le-cap.com\/en\/wp-json\/wp\/v2\/pages\/26\/revisions"}],"predecessor-version":[{"id":1439,"href":"https:\/\/manoir-sur-le-cap.com\/en\/wp-json\/wp\/v2\/pages\/26\/revisions\/1439"}],"wp:attachment":[{"href":"https:\/\/manoir-sur-le-cap.com\/en\/wp-json\/wp\/v2\/media?parent=26"}],"curies":[{"name":"wp","href":"https:\/\/api.w.org\/{rel}","templated":true}]}}